{"id":18648,"date":"2020-06-17T01:16:00","date_gmt":"2020-06-17T01:16:00","guid":{"rendered":"http:\/\/fusibles.mx\/?page_id=18648"},"modified":"2020-06-17T01:16:02","modified_gmt":"2020-06-17T01:16:02","slug":"sobres-nosotros","status":"publish","type":"page","link":"https:\/\/fusibles.mx\/?page_id=18648","title":{"rendered":"Sobres Nosotros"},"content":{"rendered":"\n<h2 class=\"wp-block-heading\"><strong>LINEAS DE FUSIBLES<\/strong><\/h2>\n\n\n\n<ul><li>Nuestras l\u00edneas incluyen:<strong> <a rel=\"noreferrer noopener\" href=\"https:\/\/eatonfuses.powerfuse.com\/\" target=\"_blank\">Eaton<\/a><\/strong>,<strong> <a rel=\"noreferrer noopener\" href=\"https:\/\/mersenfuses.net\/\" target=\"_blank\">Mersen<\/a><\/strong>,<strong> <a rel=\"noreferrer noopener\" href=\"https:\/\/ferrazfuses.com\/\" target=\"_blank\">Ferraz<\/a><\/strong>,<strong> <a rel=\"noreferrer noopener\" href=\"https:\/\/bussmannfuses.powerfuse.com\/\" target=\"_blank\">Bussmann<\/a><\/strong>, <strong><a rel=\"noreferrer noopener\" href=\"https:\/\/powerfuse.com\/app\/webroot\/sandcfuses\/\" target=\"_blank\">SandC Fuses<\/a><\/strong>, <strong><a rel=\"noreferrer noopener\" href=\"https:\/\/dinfuses.powerfuse.com\/\" target=\"_blank\">DIN Fuses<\/a><\/strong>,<strong> <a rel=\"noreferrer noopener\" href=\"https:\/\/generalelectricfuses.com\/\" target=\"_blank\">General Electric Fuses<\/a><\/strong>,<strong> <a rel=\"noreferrer noopener\" href=\"https:\/\/limitampfuses.powerfuse.com\/\" target=\"_blank\">Limit Amp Fuses<\/a><\/strong>,<strong> <a rel=\"noreferrer noopener\" href=\"https:\/\/powerfuse.com\/app\/webroot\/utilityfuses\/\" target=\"_blank\">Utility Fuses<\/a><\/strong>,<strong> <a rel=\"noreferrer noopener\" href=\"https:\/\/sprecherschuh.net\/\" target=\"_blank\">Sprecher+Schuh<\/a> <\/strong>y<strong> <a rel=\"noreferrer noopener\" href=\"https:\/\/nema7.com\/\" target=\"_blank\">Nema7<\/a> <\/strong>controles el\u00e9ctricos que incluyen ubicaci\u00f3n peligrosa personalizada<\/li><li>Amplio inventario de fusibles de media tensi\u00f3n, europeos y dif\u00edciles de encontrar.<\/li><li>Inventario de art\u00edculos que normalmente no est\u00e1n disponibles en la f\u00e1brica.<\/li><li>Interruptores y engranajes de alto voltaje.<\/li><li>Marcas de controles principales que incluyen Eaton, Schneider, ABB, Rockwell y Adalet.<\/li><li>Amplio inventario de cajas y controles de fundici\u00f3n para un pedido r\u00e1pido.<\/li><li>Perforaci\u00f3n y extracci\u00f3n en el sitio y modificaciones.<\/li><li>Combinaci\u00f3n &amp; Inicios a trav\u00e9s de la l\u00ednea NEMA &amp; IEC Estilo &#8211; NEMA 4X &amp; NEMA 7<\/li><li>Cajas de desconexi\u00f3n con y sin fusible &#8211; NEMA4X y 7<\/li><li>Paneles de iluminaci\u00f3n y distribuci\u00f3n de energ\u00eda a prueba de explosiones.<\/li><li>El mayor distribuidor de medias en los Estados Unidos de Adalet Enclosures &amp; Controls.<\/li><li>Nuestra tienda de paneles est\u00e1 certificada para construir paneles UL\/CUL 508A &amp; UL NNNY<\/li><li>Socio certificado del panel de control Adalet ATEX para conjuntos de gabinetes a prueba de llamas Adalet ATEX. PANELES DE CONTROL INCLUIDOS INTERRUPTORES DE CARGA DE VOLTAJE MEDIO INTERRUPTORES.<\/li><li>Paneles de control listados por UL ensamblados seg\u00fan sus especificaciones.<\/li><li>Extenso Inventario de Acero Inoxidable, Carcasas de Chapa Met\u00e1lica y Controles<\/li><li>Altos est\u00e1ndares de seguridad de los paneles de control.<\/li><li>Somos un integrador OEM para Eaton, Schneider y otros.<\/li><\/ul>\n\n\n\n<p>Como empresa con certificaci\u00f3n ISO 9001:2015, con certificaci\u00f3n UL, nuestros est\u00e1ndares de productos y servicios cumplen con los<br>punto de referencia para la precisi\u00f3n y la precisi\u00f3n; adem\u00e1s proporcionamos soporte t\u00e9cnico inmediato y excelente servicio al cliente. Nuestro objetivo es tratar a cada cliente independientemente de su tama\u00f1o como si lo hicieran como nuestro \u00fanico cliente.<\/p>\n\n\n\n<h2 class=\"wp-block-heading\"><strong>FUSIBLES ESPECIALES \u2022 CONTROLES EL\u00c9CTRICOS Y PANELES PERSONALIZADOS INCLUIDOS HAZLO<\/strong><\/h2>\n\n\n\n<p>Norberg ~ IES ha servido a la industria el\u00e9ctrica desde 1969. Como ISO 9001: 2015, Empresa certificada por UL, nuestros est\u00e1ndares de productos y servicios cumplen con el punto de referencia de la industria para precisi\u00f3n y exactitud; sin embargo, somos lo suficientemente peque\u00f1os como para continuar brindando soporte t\u00e9cnico inmediato y excelente servicio al cliente.<\/p>\n\n\n\n<h2 class=\"wp-block-heading\"><strong>INFORMACI\u00d3N DE LA EMPRESA<\/strong><\/h2>\n\n\n\n<p>Ubicado en Tulsa, Oklahoma, Norberg-IES ha servido a la industria el\u00e9ctrica desde 1969. La sede de la compa\u00f1\u00eda es una instalaci\u00f3n de 60.000 pies cuadrados que contiene nuestra lista UL\/CUL, ISO 9001:2015<br>taller de modificaci\u00f3n especializado en equipos el\u00e9ctricos y de fusi\u00f3n ensamblados a medida para todo tipo de entornos; una m\u00e1quina y un taller de fabricaci\u00f3n, y un almac\u00e9n lleno de un amplio inventario de fusibles, control piezas y recintos de ubicaci\u00f3n peligrosa.<\/p>\n\n\n\n<p>Como el mayor distribuidor de almacenamiento para los gabinetes y controles de ubicaci\u00f3n peligrosa de Adalet, tenemos la capacidad de ofrecer servicios acelerados en una amplia gama de productos de control de motores de lugares peligrosos, incluidos Arrancadores combinados con clasificaci\u00f3n IEC y NEMA, paneles de distribuci\u00f3n de iluminaci\u00f3n y alimentaci\u00f3n, gabinetes de disyuntores y ensamblados a medida para satisfacer los requisitos del cliente.<\/p>\n\n\n\n<p>Nuestro experimentado equipo de ventas y nuestro personal de t\u00e9cnicos el\u00e9ctricos bien capacitados trabajan juntos para dar un r\u00e1pido servicio de taladrado, roscado, modificaci\u00f3n y montaje. Todos los paneles se ensamblan para las especificaciones del cliente cumpliendo con los est\u00e1ndares NEMA &amp; IEC. Ofrecemos ingenier\u00eda de sistemas de control personalizados, sistemas de purga montados a medida, componentes de reemplazo, programaci\u00f3n PLC y panel de control externalizaci\u00f3n de los OEM.<\/p>\n\n\n\n<p>Nuestras capacidades de modificaci\u00f3n est\u00e1n respaldadas por un amplio inventario de fibra de vidrio, chapa met\u00e1lica, acero inoxidable y recintos fundidos y el stock de productos de control de Eaton, Sprecher + Schuh, Schneider, ABB y otros.<\/p>\n\n\n\n<p>En nuestra tienda de fusibles personalizamos fusibles de media tensi\u00f3n y construimos montajes e interruptores. Mantenemos una amplia<br>inventario de fusibles y bloques de fusibles de la clase UL, limitaci\u00f3n de corriente, arranque del motor, \u00e1cido b\u00f3rico, transformador y capacitor se fusiona en una serie de tama\u00f1os de todos los principales fabricantes.<\/p>\n\n\n\n<p>Nuestros servicios de fusibles incluyen una l\u00ednea caliente de fusibles de emergencia las 24 horas, amplio conocimiento del producto para fusibles r\u00e1pidos referencias cruzadas y env\u00edo el mismo d\u00eda.<\/p>\n\n\n\n<p>Durante m\u00e1s de 50 a\u00f1os nos hemos dedicado a construir relaciones s\u00f3lidas con nuestros clientes y proveedores a trav\u00e9s de conductas y servicios que superan sus expectativas.<\/p>\n","protected":false},"excerpt":{"rendered":"<p>LINEAS DE FUSIBLES Nuestras l\u00edneas incluyen: Eaton, Mersen, Ferraz, Bussmann, SandC Fuses, DIN Fuses, General Electric Fuses, Limit Amp Fuses, Utility Fuses, Sprecher+Schuh y Nema7 controles el\u00e9ctricos que incluyen ubicaci\u00f3n peligrosa personalizada Amplio inventario de fusibles de media tensi\u00f3n, europeos y dif\u00edciles de encontrar. Inventario de art\u00edculos que normalmente no est\u00e1n disponibles en la f\u00e1brica.&hellip; <a class=\"read-more\" href=\"https:\/\/fusibles.mx\/?page_id=18648\">Read More<\/a><\/p>\n","protected":false},"author":2,"featured_media":0,"parent":0,"menu_order":0,"comment_status":"closed","ping_status":"closed","template":"","meta":{"content-type":"","footnotes":""},"yoast_head":"<!-- This site is optimized with the Yoast SEO plugin v22.1 - https:\/\/yoast.com\/wordpress\/plugins\/seo\/ -->\n<title>Sobres Nosotros - Fusibles de baja, media y alta voltaje<\/title>\n<meta name=\"robots\" content=\"index, follow, max-snippet:-1, max-image-preview:large, max-video-preview:-1\" \/>\n<link rel=\"canonical\" href=\"https:\/\/fusibles.mx\/?page_id=18648\" \/>\n<meta property=\"og:locale\" content=\"en_US\" \/>\n<meta property=\"og:type\" content=\"article\" \/>\n<meta property=\"og:title\" content=\"Sobres Nosotros - Fusibles de baja, media y alta voltaje\" \/>\n<meta property=\"og:description\" content=\"LINEAS DE FUSIBLES Nuestras l\u00edneas incluyen: Eaton, Mersen, Ferraz, Bussmann, SandC Fuses, DIN Fuses, General Electric Fuses, Limit Amp Fuses, Utility Fuses, Sprecher+Schuh y Nema7 controles el\u00e9ctricos que incluyen ubicaci\u00f3n peligrosa personalizada Amplio inventario de fusibles de media tensi\u00f3n, europeos y dif\u00edciles de encontrar. Inventario de art\u00edculos que normalmente no est\u00e1n disponibles en la f\u00e1brica.&hellip; Read More\" \/>\n<meta property=\"og:url\" content=\"https:\/\/fusibles.mx\/?page_id=18648\" \/>\n<meta property=\"og:site_name\" content=\"Fusibles de baja, media y alta voltaje\" \/>\n<meta property=\"article:modified_time\" content=\"2020-06-17T01:16:02+00:00\" \/>\n<meta name=\"twitter:card\" content=\"summary_large_image\" \/>\n<meta name=\"twitter:label1\" content=\"Est. reading time\" \/>\n\t<meta name=\"twitter:data1\" content=\"4 minutes\" \/>\n<script type=\"application\/ld+json\" class=\"yoast-schema-graph\">{\"@context\":\"https:\/\/schema.org\",\"@graph\":[{\"@type\":\"WebPage\",\"@id\":\"https:\/\/fusibles.mx\/?page_id=18648\",\"url\":\"https:\/\/fusibles.mx\/?page_id=18648\",\"name\":\"Sobres Nosotros - Fusibles de baja, media y alta voltaje\",\"isPartOf\":{\"@id\":\"https:\/\/fusibles.mx\/#website\"},\"datePublished\":\"2020-06-17T01:16:00+00:00\",\"dateModified\":\"2020-06-17T01:16:02+00:00\",\"breadcrumb\":{\"@id\":\"https:\/\/fusibles.mx\/?page_id=18648#breadcrumb\"},\"inLanguage\":\"en-US\",\"potentialAction\":[{\"@type\":\"ReadAction\",\"target\":[\"https:\/\/fusibles.mx\/?page_id=18648\"]}]},{\"@type\":\"BreadcrumbList\",\"@id\":\"https:\/\/fusibles.mx\/?page_id=18648#breadcrumb\",\"itemListElement\":[{\"@type\":\"ListItem\",\"position\":1,\"name\":\"Home\",\"item\":\"https:\/\/fusibles.mx\/\"},{\"@type\":\"ListItem\",\"position\":2,\"name\":\"Sobres Nosotros\"}]},{\"@type\":\"WebSite\",\"@id\":\"https:\/\/fusibles.mx\/#website\",\"url\":\"https:\/\/fusibles.mx\/\",\"name\":\"Fusibles de baja, media y alta voltaje\",\"description\":\"Powerfuse.com\",\"publisher\":{\"@id\":\"https:\/\/fusibles.mx\/#organization\"},\"potentialAction\":[{\"@type\":\"SearchAction\",\"target\":{\"@type\":\"EntryPoint\",\"urlTemplate\":\"https:\/\/fusibles.mx\/?s={search_term_string}\"},\"query-input\":\"required name=search_term_string\"}],\"inLanguage\":\"en-US\"},{\"@type\":\"Organization\",\"@id\":\"https:\/\/fusibles.mx\/#organization\",\"name\":\"Powerfuse.com\",\"url\":\"https:\/\/fusibles.mx\/\",\"logo\":{\"@type\":\"ImageObject\",\"inLanguage\":\"en-US\",\"@id\":\"https:\/\/fusibles.mx\/#\/schema\/logo\/image\/\",\"url\":\"https:\/\/fusibles.mx\/wp-content\/uploads\/2019\/06\/powerfuselogo2.png\",\"contentUrl\":\"https:\/\/fusibles.mx\/wp-content\/uploads\/2019\/06\/powerfuselogo2.png\",\"width\":750,\"height\":285,\"caption\":\"Powerfuse.com\"},\"image\":{\"@id\":\"https:\/\/fusibles.mx\/#\/schema\/logo\/image\/\"}}]}<\/script>\n<!-- \/ Yoast SEO plugin. -->","yoast_head_json":{"title":"Sobres Nosotros - Fusibles de baja, media y alta voltaje","robots":{"index":"index","follow":"follow","max-snippet":"max-snippet:-1","max-image-preview":"max-image-preview:large","max-video-preview":"max-video-preview:-1"},"canonical":"https:\/\/fusibles.mx\/?page_id=18648","og_locale":"en_US","og_type":"article","og_title":"Sobres Nosotros - Fusibles de baja, media y alta voltaje","og_description":"LINEAS DE FUSIBLES Nuestras l\u00edneas incluyen: Eaton, Mersen, Ferraz, Bussmann, SandC Fuses, DIN Fuses, General Electric Fuses, Limit Amp Fuses, Utility Fuses, Sprecher+Schuh y Nema7 controles el\u00e9ctricos que incluyen ubicaci\u00f3n peligrosa personalizada Amplio inventario de fusibles de media tensi\u00f3n, europeos y dif\u00edciles de encontrar. Inventario de art\u00edculos que normalmente no est\u00e1n disponibles en la f\u00e1brica.&hellip; Read More","og_url":"https:\/\/fusibles.mx\/?page_id=18648","og_site_name":"Fusibles de baja, media y alta voltaje","article_modified_time":"2020-06-17T01:16:02+00:00","twitter_card":"summary_large_image","twitter_misc":{"Est. reading time":"4 minutes"},"schema":{"@context":"https:\/\/schema.org","@graph":[{"@type":"WebPage","@id":"https:\/\/fusibles.mx\/?page_id=18648","url":"https:\/\/fusibles.mx\/?page_id=18648","name":"Sobres Nosotros - Fusibles de baja, media y alta voltaje","isPartOf":{"@id":"https:\/\/fusibles.mx\/#website"},"datePublished":"2020-06-17T01:16:00+00:00","dateModified":"2020-06-17T01:16:02+00:00","breadcrumb":{"@id":"https:\/\/fusibles.mx\/?page_id=18648#breadcrumb"},"inLanguage":"en-US","potentialAction":[{"@type":"ReadAction","target":["https:\/\/fusibles.mx\/?page_id=18648"]}]},{"@type":"BreadcrumbList","@id":"https:\/\/fusibles.mx\/?page_id=18648#breadcrumb","itemListElement":[{"@type":"ListItem","position":1,"name":"Home","item":"https:\/\/fusibles.mx\/"},{"@type":"ListItem","position":2,"name":"Sobres Nosotros"}]},{"@type":"WebSite","@id":"https:\/\/fusibles.mx\/#website","url":"https:\/\/fusibles.mx\/","name":"Fusibles de baja, media y alta voltaje","description":"Powerfuse.com","publisher":{"@id":"https:\/\/fusibles.mx\/#organization"},"potentialAction":[{"@type":"SearchAction","target":{"@type":"EntryPoint","urlTemplate":"https:\/\/fusibles.mx\/?s={search_term_string}"},"query-input":"required name=search_term_string"}],"inLanguage":"en-US"},{"@type":"Organization","@id":"https:\/\/fusibles.mx\/#organization","name":"Powerfuse.com","url":"https:\/\/fusibles.mx\/","logo":{"@type":"ImageObject","inLanguage":"en-US","@id":"https:\/\/fusibles.mx\/#\/schema\/logo\/image\/","url":"https:\/\/fusibles.mx\/wp-content\/uploads\/2019\/06\/powerfuselogo2.png","contentUrl":"https:\/\/fusibles.mx\/wp-content\/uploads\/2019\/06\/powerfuselogo2.png","width":750,"height":285,"caption":"Powerfuse.com"},"image":{"@id":"https:\/\/fusibles.mx\/#\/schema\/logo\/image\/"}}]}},"_links":{"self":[{"href":"https:\/\/fusibles.mx\/index.php?rest_route=\/wp\/v2\/pages\/18648"}],"collection":[{"href":"https:\/\/fusibles.mx\/index.php?rest_route=\/wp\/v2\/pages"}],"about":[{"href":"https:\/\/fusibles.mx\/index.php?rest_route=\/wp\/v2\/types\/page"}],"author":[{"embeddable":true,"href":"https:\/\/fusibles.mx\/index.php?rest_route=\/wp\/v2\/users\/2"}],"replies":[{"embeddable":true,"href":"https:\/\/fusibles.mx\/index.php?rest_route=%2Fwp%2Fv2%2Fcomments&post=18648"}],"version-history":[{"count":1,"href":"https:\/\/fusibles.mx\/index.php?rest_route=\/wp\/v2\/pages\/18648\/revisions"}],"predecessor-version":[{"id":18649,"href":"https:\/\/fusibles.mx\/index.php?rest_route=\/wp\/v2\/pages\/18648\/revisions\/18649"}],"wp:attachment":[{"href":"https:\/\/fusibles.mx\/index.php?rest_route=%2Fwp%2Fv2%2Fmedia&parent=18648"}],"curies":[{"name":"wp","href":"https:\/\/api.w.org\/{rel}","templated":true}]}}